{"id":7,"date":"2023-07-19T12:08:53","date_gmt":"2023-07-19T09:08:53","guid":{"rendered":"https:\/\/terax.fi\/?page_id=7"},"modified":"2026-03-03T08:03:14","modified_gmt":"2026-03-03T06:03:14","slug":"etusivu","status":"publish","type":"page","link":"https:\/\/terax.fi\/","title":{"rendered":"Etusivu"},"content":{"rendered":"<div id=\"pl-7\"  class=\"panel-layout\" ><div id=\"pg-7-0\"  class=\"panel-grid panel-has-style\" ><div class=\"siteorigin-panels-stretch panel-row-style panel-row-style-for-7-0\" data-stretch-type=\"full\" ><div id=\"pgc-7-0-0\"  class=\"panel-grid-cell\" ><div id=\"panel-7-0-0-0\" class=\"so-panel widget widget_text panel-first-child panel-last-child\" data-index=\"0\" ><div class=\"panel-widget-style panel-widget-style-for-7-0-0-0\" >\t\t\t<div class=\"textwidget\"><p>Ter\u00e4X Oy on kampaamo- ja trimmaussaksien maahantuonti- ja huoltoalan yritys.<\/p>\n<p>Kerromme mielell\u00e4mme tuotevalikoimastamme. Ole yhteydess\u00e4.<\/p>\n<p>&nbsp;<\/p>\n<p>K\u00e4yt\u00e4th\u00e4n huoltol\u00e4hetett\u00e4, kun l\u00e4het\u00e4t meille huollettavaa. Kiitos.<\/p>\n<p><a href=\"https:\/\/terax.fi\/wp-content\/uploads\/2024\/06\/TeraX_Oy_SAKSIHUOLTOLAHETE_taytettava_versio_9-18.pdf\">Saksihuoltol\u00e4hete<\/a><\/p>\n<p><a href=\"https:\/\/terax.fi\/wp-content\/uploads\/2024\/06\/TeraX_Oy_KONEHUOLTOLAHETE_taytettava_versio_9-18.pdf\">Konehuoltol\u00e4hete<\/a><\/p>\n<p><a href=\"https:\/\/terax.fi\/wp-content\/uploads\/2024\/06\/TeraX_Oy_TERAHUOLTOLAHETE_taytettava_versio_9-18.pdf\">Ter\u00e4huoltol\u00e4hete<\/a><\/p>\n<\/div>\n\t\t<\/div><\/div><\/div><div id=\"pgc-7-0-1\"  class=\"panel-grid-cell\" ><div id=\"panel-7-0-1-0\" class=\"so-panel widget widget_text panel-first-child panel-last-child\" data-index=\"1\" >\t\t\t<div class=\"textwidget\"><h1>Uutisia<\/h1>\n<p>Huolloissa usean viikon toimitusaika.<\/p>\n<\/div>\n\t\t<\/div><\/div><\/div><\/div><\/div>","protected":false},"excerpt":{"rendered":"<p>Ter\u00e4X Oy on kampaamo- ja trimmaussaksien maahantuonti- ja huoltoalan yritys. Kerromme mielell\u00e4mme tuotevalikoimastamme. Ole yhteydess\u00e4. &nbsp; K\u00e4yt\u00e4th\u00e4n huoltol\u00e4hetett\u00e4, kun l\u00e4het\u00e4t meille huollettavaa. Kiitos. Saksihuoltol\u00e4hete Konehuoltol\u00e4hete Ter\u00e4huoltol\u00e4hete Uutisia Huolloissa usean viikon toimitusaika.<\/p>\n","protected":false},"author":1,"featured_media":0,"parent":0,"menu_order":0,"comment_status":"closed","ping_status":"closed","template":"","meta":{"site-sidebar-layout":"default","site-content-layout":"default","ast-site-content-layout":"default","site-content-style":"default","site-sidebar-style":"default","ast-global-header-display":"","ast-banner-title-visibility":"","ast-main-header-display":"","ast-hfb-above-header-display":"","ast-hfb-below-header-display":"","ast-hfb-mobile-header-display":"","site-post-title":"disabled","ast-breadcrumbs-content":"","ast-featured-img":"","footer-sml-layout":"","ast-disable-related-posts":"","theme-transparent-header-meta":"default","adv-header-id-meta":"","stick-header-meta":"","header-above-stick-meta":"","header-main-stick-meta":"","header-below-stick-meta":"","astra-migrate-meta-layouts":"set","ast-page-background-enabled":"default","ast-page-background-meta":{"desktop":{"background-color":"var(--ast-global-color-4)","background-image":"","background-repeat":"repeat","background-position":"center center","background-size":"auto","background-attachment":"scroll","background-type":"","background-media":"","overlay-type":"","overlay-color":"","overlay-opacity":"","overlay-gradient":""},"tablet":{"background-color":"","background-image":"","background-repeat":"repeat","background-position":"center center","background-size":"auto","background-attachment":"scroll","background-type":"","background-media":"","overlay-type":"","overlay-color":"","overlay-opacity":"","overlay-gradient":""},"mobile":{"background-color":"","background-image":"","background-repeat":"repeat","background-position":"center center","background-size":"auto","background-attachment":"scroll","background-type":"","background-media":"","overlay-type":"","overlay-color":"","overlay-opacity":"","overlay-gradient":""}},"ast-content-background-meta":{"desktop":{"background-color":"var(--ast-global-color-5)","background-image":"","background-repeat":"repeat","background-position":"center center","background-size":"auto","background-attachment":"scroll","background-type":"","background-media":"","overlay-type":"","overlay-color":"","overlay-opacity":"","overlay-gradient":""},"tablet":{"background-color":"var(--ast-global-color-5)","background-image":"","background-repeat":"repeat","background-position":"center center","background-size":"auto","background-attachment":"scroll","background-type":"","background-media":"","overlay-type":"","overlay-color":"","overlay-opacity":"","overlay-gradient":""},"mobile":{"background-color":"var(--ast-global-color-5)","background-image":"","background-repeat":"repeat","background-position":"center center","background-size":"auto","background-attachment":"scroll","background-type":"","background-media":"","overlay-type":"","overlay-color":"","overlay-opacity":"","overlay-gradient":""}},"footnotes":""},"class_list":["post-7","page","type-page","status-publish","hentry"],"_links":{"self":[{"href":"https:\/\/terax.fi\/index.php?rest_route=\/wp\/v2\/pages\/7","targetHints":{"allow":["GET"]}}],"collection":[{"href":"https:\/\/terax.fi\/index.php?rest_route=\/wp\/v2\/pages"}],"about":[{"href":"https:\/\/terax.fi\/index.php?rest_route=\/wp\/v2\/types\/page"}],"author":[{"embeddable":true,"href":"https:\/\/terax.fi\/index.php?rest_route=\/wp\/v2\/users\/1"}],"replies":[{"embeddable":true,"href":"https:\/\/terax.fi\/index.php?rest_route=%2Fwp%2Fv2%2Fcomments&post=7"}],"version-history":[{"count":27,"href":"https:\/\/terax.fi\/index.php?rest_route=\/wp\/v2\/pages\/7\/revisions"}],"predecessor-version":[{"id":85,"href":"https:\/\/terax.fi\/index.php?rest_route=\/wp\/v2\/pages\/7\/revisions\/85"}],"wp:attachment":[{"href":"https:\/\/terax.fi\/index.php?rest_route=%2Fwp%2Fv2%2Fmedia&parent=7"}],"curies":[{"name":"wp","href":"https:\/\/api.w.org\/{rel}","templated":true}]}}